{"id":1596,"date":"2025-01-08T08:03:16","date_gmt":"2025-01-08T08:03:16","guid":{"rendered":"https:\/\/www.styleeatup.gr\/servicios\/"},"modified":"2026-01-20T14:34:16","modified_gmt":"2026-01-20T14:34:16","slug":"servicios","status":"publish","type":"page","link":"https:\/\/www.styleeatup.gr\/es\/servicios\/","title":{"rendered":"SERVICIOS"},"content":{"rendered":"\t\t<div data-elementor-type=\"wp-page\" data-elementor-id=\"1596\" class=\"elementor elementor-1596 elementor-304\">\n\t\t\t\t<div class=\"elementor-element elementor-element-706a831 e-flex e-con-boxed e-con e-parent\" data-id=\"706a831\" data-element_type=\"container\">\n\t\t\t\t\t<div class=\"e-con-inner\">\n\t\t<div class=\"elementor-element elementor-element-5742417 e-con-full e-flex e-con e-child\" data-id=\"5742417\" data-element_type=\"container\" data-settings=\"{&quot;background_background&quot;:&quot;classic&quot;,&quot;position&quot;:&quot;absolute&quot;}\">\n\t\t\t\t<\/div>\n\t\t\t\t<div class=\"elementor-element elementor-element-eedda8c elementor-grid-tablet-eael-col-3 elementor-grid-eael-col-4 elementor-grid-mobile-eael-col-1 elementor-widget elementor-widget-eael-post-grid\" data-id=\"eedda8c\" data-element_type=\"widget\" data-settings=\"{&quot;eael_post_grid_columns_tablet&quot;:&quot;eael-col-3&quot;,&quot;eael_post_grid_columns&quot;:&quot;eael-col-4&quot;,&quot;eael_post_grid_columns_mobile&quot;:&quot;eael-col-1&quot;}\" data-widget_type=\"eael-post-grid.default\">\n\t\t\t\t<div class=\"elementor-widget-container\">\n\t\t\t\t\t<div id=\"eael-post-grid-eedda8c\" class=\"eael-post-grid-container\">\n            <div class=\"eael-post-grid eael-post-appender eael-post-appender-eedda8c eael-post-grid-style-one\" data-layout-mode=\"grid\"><article class=\"eael-grid-post  eael-post-grid-column eael-pg-post-1629\" data-id=\"1629\">\n        <div class=\"eael-grid-post-holder\">\n            <div class=\"eael-grid-post-holder-inner\"><div class=\"eael-entry-media\"><div class=\"eael-entry-overlay none\"><i class=\"fas fa-long-arrow-alt-right\" aria-hidden=\"true\"><\/i><a href=\"https:\/\/www.styleeatup.gr\/es\/service\/consulta-presencial\/\"><\/a><\/div><div class=\"eael-entry-thumbnail \">\n                <img fetchpriority=\"high\" decoding=\"async\" width=\"300\" height=\"300\" src=\"https:\/\/www.styleeatup.gr\/wp-content\/uploads\/2025\/01\/dsc05157-1-300x300.webp\" class=\"attachment-medium size-medium wp-image-1705\" alt=\"diatologos flora giatra\" srcset=\"https:\/\/www.styleeatup.gr\/wp-content\/uploads\/2025\/01\/dsc05157-1-300x300.webp 300w, https:\/\/www.styleeatup.gr\/wp-content\/uploads\/2025\/01\/dsc05157-1-1024x1024.webp 1024w, https:\/\/www.styleeatup.gr\/wp-content\/uploads\/2025\/01\/dsc05157-1-150x150.webp 150w, https:\/\/www.styleeatup.gr\/wp-content\/uploads\/2025\/01\/dsc05157-1-768x768.webp 768w, https:\/\/www.styleeatup.gr\/wp-content\/uploads\/2025\/01\/dsc05157-1.webp 1066w\" sizes=\"(max-width: 300px) 100vw, 300px\" \/>\n            <\/div>\n        <\/div><div class=\"eael-entry-wrapper\"><header class=\"eael-entry-header\"><h2 class=\"eael-entry-title\"><a class=\"eael-grid-post-link\" href=\"https:\/\/www.styleeatup.gr\/es\/service\/consulta-presencial\/\" title=\"Consulta Presencial\">Consulta Presencial<\/a><\/h2><\/header><div class=\"eael-entry-content\">\n                        <div class=\"eael-grid-post-excerpt\"><p>En nuestra cl\u00ednica, la consulta presencial es una experiencia integral...<\/p><a href=\"https:\/\/www.styleeatup.gr\/es\/service\/consulta-presencial\/\" class=\"eael-post-elements-readmore-btn\">DESCUBRIR M\u00c1S<\/a><\/div>\n                    <\/div><\/div><\/div>\n        <\/div>\n    <\/article><article class=\"eael-grid-post  eael-post-grid-column eael-pg-post-1631\" data-id=\"1631\">\n        <div class=\"eael-grid-post-holder\">\n            <div class=\"eael-grid-post-holder-inner\"><div class=\"eael-entry-wrapper\"><header class=\"eael-entry-header\"><h2 class=\"eael-entry-title\"><a class=\"eael-grid-post-link\" href=\"https:\/\/www.styleeatup.gr\/es\/service\/consulta-online\/\" title=\"Consulta Online\">Consulta Online<br><\/a><\/h2><\/header><div class=\"eael-entry-content\">\n                        <div class=\"eael-grid-post-excerpt\"><p>Si la distancia o la falta de tiempo le impiden...<\/p><a href=\"https:\/\/www.styleeatup.gr\/es\/service\/consulta-online\/\" class=\"eael-post-elements-readmore-btn\">DESCUBRIR M\u00c1S<\/a><\/div>\n                    <\/div><\/div><\/div>\n        <\/div>\n    <\/article><article class=\"eael-grid-post  eael-post-grid-column eael-pg-post-1635\" data-id=\"1635\">\n        <div class=\"eael-grid-post-holder\">\n            <div class=\"eael-grid-post-holder-inner\"><div class=\"eael-entry-wrapper\"><header class=\"eael-entry-header\"><h2 class=\"eael-entry-title\"><a class=\"eael-grid-post-link\" href=\"https:\/\/www.styleeatup.gr\/es\/service\/lipometria\/\" title=\"Lipometr\u00eda\">Lipometr\u00eda<\/a><\/h2><\/header><div class=\"eael-entry-content\">\n                        <div class=\"eael-grid-post-excerpt\"><p>La lipometr\u00eda es un proceso clave que nos permite evaluar...<\/p><a href=\"https:\/\/www.styleeatup.gr\/es\/service\/lipometria\/\" class=\"eael-post-elements-readmore-btn\">DESCUBRIR M\u00c1S<\/a><\/div>\n                    <\/div><\/div><\/div>\n        <\/div>\n    <\/article><article class=\"eael-grid-post  eael-post-grid-column eael-pg-post-1637\" data-id=\"1637\">\n        <div class=\"eael-grid-post-holder\">\n            <div class=\"eael-grid-post-holder-inner\"><div class=\"eael-entry-wrapper\"><header class=\"eael-entry-header\"><h2 class=\"eael-entry-title\"><a class=\"eael-grid-post-link\" href=\"https:\/\/www.styleeatup.gr\/es\/service\/medicion-del-metabolismo-basal\/\" title=\"Medici\u00f3n del Metabolismo Basal\">Medici\u00f3n del Metabolismo Basal<\/a><\/h2><\/header><div class=\"eael-entry-content\">\n                        <div class=\"eael-grid-post-excerpt\"><p>\u00bfQu\u00e9 es el Metabolismo Basal (RMR)? El metabolismo basal, tambi\u00e9n...<\/p><a href=\"https:\/\/www.styleeatup.gr\/es\/service\/medicion-del-metabolismo-basal\/\" class=\"eael-post-elements-readmore-btn\">DESCUBRIR M\u00c1S<\/a><\/div>\n                    <\/div><\/div><\/div>\n        <\/div>\n    <\/article><article class=\"eael-grid-post  eael-post-grid-column eael-pg-post-1639\" data-id=\"1639\">\n        <div class=\"eael-grid-post-holder\">\n            <div class=\"eael-grid-post-holder-inner\"><div class=\"eael-entry-wrapper\"><header class=\"eael-entry-header\"><h2 class=\"eael-entry-title\"><a class=\"eael-grid-post-link\" href=\"https:\/\/www.styleeatup.gr\/es\/service\/test-de-nutrigenetica\/\" title=\"Test de Nutrigen\u00e9tica\">Test de Nutrigen\u00e9tica<br><\/a><\/h2><\/header><div class=\"eael-entry-content\">\n                        <div class=\"eael-grid-post-excerpt\"><p>Qu\u00e9 es y c\u00f3mo puede beneficiarle La nutrigen\u00e9tica es un...<\/p><a href=\"https:\/\/www.styleeatup.gr\/es\/service\/test-de-nutrigenetica\/\" class=\"eael-post-elements-readmore-btn\">DESCUBRIR M\u00c1S<\/a><\/div>\n                    <\/div><\/div><\/div>\n        <\/div>\n    <\/article><article class=\"eael-grid-post  eael-post-grid-column eael-pg-post-1641\" data-id=\"1641\">\n        <div class=\"eael-grid-post-holder\">\n            <div class=\"eael-grid-post-holder-inner\"><div class=\"eael-entry-wrapper\"><header class=\"eael-entry-header\"><h2 class=\"eael-entry-title\"><a class=\"eael-grid-post-link\" href=\"https:\/\/www.styleeatup.gr\/es\/service\/ems-body-sculpting-pro-v\/\" title=\"EMS Body Sculpting Pro V\">EMS Body Sculpting Pro V<\/a><\/h2><\/header><div class=\"eael-entry-content\">\n                        <div class=\"eael-grid-post-excerpt\"><p>EMS Body Sculpting Pro V combina eficazmente las tecnolog\u00edas HIFEMy...<\/p><a href=\"https:\/\/www.styleeatup.gr\/es\/service\/ems-body-sculpting-pro-v\/\" class=\"eael-post-elements-readmore-btn\">DESCUBRIR M\u00c1S<\/a><\/div>\n                    <\/div><\/div><\/div>\n        <\/div>\n    <\/article><article class=\"eael-grid-post  eael-post-grid-column eael-pg-post-1644\" data-id=\"1644\">\n        <div class=\"eael-grid-post-holder\">\n            <div class=\"eael-grid-post-holder-inner\"><div class=\"eael-entry-wrapper\"><header class=\"eael-entry-header\"><h2 class=\"eael-entry-title\"><a class=\"eael-grid-post-link\" href=\"https:\/\/www.styleeatup.gr\/es\/service\/epigenetica-y-nutricion\/\" title=\"Epigen\u00e9tica y Nutrici\u00f3n\">Epigen\u00e9tica y Nutrici\u00f3n<br><\/a><\/h2><\/header><div class=\"eael-entry-content\">\n                        <div class=\"eael-grid-post-excerpt\"><p>C\u00f3mo la nutrici\u00f3n afecta a nuestros genes La epigen\u00e9tica es...<\/p><a href=\"https:\/\/www.styleeatup.gr\/es\/service\/epigenetica-y-nutricion\/\" class=\"eael-post-elements-readmore-btn\">DESCUBRIR M\u00c1S<\/a><\/div>\n                    <\/div><\/div><\/div>\n        <\/div>\n    <\/article><article class=\"eael-grid-post  eael-post-grid-column eael-pg-post-1649\" data-id=\"1649\">\n        <div class=\"eael-grid-post-holder\">\n            <div class=\"eael-grid-post-holder-inner\"><div class=\"eael-entry-wrapper\"><header class=\"eael-entry-header\"><h2 class=\"eael-entry-title\"><a class=\"eael-grid-post-link\" href=\"https:\/\/www.styleeatup.gr\/es\/service\/presoterapia\/\" title=\"Presoterapia\">Presoterapia<br><\/a><\/h2><\/header><div class=\"eael-entry-content\">\n                        <div class=\"eael-grid-post-excerpt\"><p>La presoterapia es un m\u00e9todo terap\u00e9utico no invasivo que se...<\/p><a href=\"https:\/\/www.styleeatup.gr\/es\/service\/presoterapia\/\" class=\"eael-post-elements-readmore-btn\">DESCUBRIR M\u00c1S<\/a><\/div>\n                    <\/div><\/div><\/div>\n        <\/div>\n    <\/article><\/div>\n            <div class=\"clearfix\"><\/div>\n        <\/div>\t\t\t\t<\/div>\n\t\t\t\t<\/div>\n\t\t\t\t\t<\/div>\n\t\t\t\t<\/div>\n\t\t\t\t<\/div>\n\t\t","protected":false},"excerpt":{"rendered":"<p>\u0394\u03b9\u03b1 \u03b6\u03ce\u03c3\u03b7\u03c2 \u03c3\u03c5\u03bd\u03b5\u03b4\u03c1\u03af\u03b1 \u03a3\u03c4\u03bf \u03b4\u03b9\u03b1\u03b9\u03c4\u03bf\u03bb\u03bf\u03b3\u03b9\u03ba\u03cc \u03bc\u03b1\u03c2 \u03b3\u03c1\u03b1\u03c6\u03b5\u03af\u03bf, \u03b7 \u03b4\u03b9\u03ac \u03b6\u03ce\u03c3\u03b7\u03c2 \u03c3\u03c5\u03bd\u03b5\u03b4\u03c1\u03af\u03b1 \u03b1\u03c0\u03bf\u03c4\u03b5\u03bb\u03b5\u03af \u03bc\u03b9\u03b1&#8230; DESCUBRIR M\u00c1S Online \u03c3\u03c5\u03bd\u03b5\u03b4\u03c1\u03af\u03b1 \u0391\u03bd \u03b5\u03af\u03c3\u03c4\u03b5 \u03bc\u03b1\u03ba\u03c1\u03b9\u03ac \u03ae \u03b1\u03bd \u03bf \u03c7\u03c1\u03cc\u03bd\u03bf\u03c2 \u03c3\u03b1\u03c2 \u03b5\u03af\u03bd\u03b1\u03b9 \u03c0\u03b5\u03c1\u03b9\u03bf\u03c1\u03b9\u03c3\u03bc\u03ad\u03bd\u03bf\u03c2,&#8230; DESCUBRIR M\u00c1S \u039b\u03b9\u03c0\u03bf\u03bc\u03ad\u03c4\u03c1\u03b7\u03c3\u03b7 \u0397 \u03bb\u03b9\u03c0\u03bf\u03bc\u03ad\u03c4\u03c1\u03b7\u03c3\u03b7 \u03b5\u03af\u03bd\u03b1\u03b9 \u03bc\u03b9\u03b1 \u03c3\u03b7\u03bc\u03b1\u03bd\u03c4\u03b9\u03ba\u03ae \u03b4\u03b9\u03b1\u03b4\u03b9\u03ba\u03b1\u03c3\u03af\u03b1 \u03c0\u03bf\u03c5 \u03c7\u03c1\u03b7\u03c3\u03b9\u03bc\u03bf\u03c0\u03bf\u03b9\u03b5\u03af\u03c4\u03b1\u03b9 \u03b3\u03b9\u03b1 \u03c4\u03b7\u03bd&#8230; DESCUBRIR M\u00c1S \u039c\u03ad\u03c4\u03c1\u03b7\u03c3\u03b7 \u0392\u03b1\u03c3\u03b9\u03ba\u03bf\u03cd \u039c\u03b5\u03c4\u03b1\u03b2\u03bf\u03bb\u03b9\u03c3\u03bc\u03bf\u03cd \u03a4\u03b9 \u03b5\u03af\u03bd\u03b1\u03b9 \u03bf \u0392\u03b1\u03c3\u03b9\u03ba\u03cc\u03c2 \u039c\u03b5\u03c4\u03b1\u03b2\u03bf\u03bb\u03b9\u03c3\u03bc\u03cc\u03c2 (RMR); \u039f \u03b2\u03b1\u03c3\u03b9\u03ba\u03cc\u03c2 \u03bc\u03b5\u03c4\u03b1\u03b2\u03bf\u03bb\u03b9\u03c3\u03bc\u03cc\u03c2, \u03b3\u03bd\u03c9\u03c3\u03c4\u03cc\u03c2&#8230; [&hellip;]<\/p>\n","protected":false},"author":1,"featured_media":0,"parent":0,"menu_order":0,"comment_status":"closed","ping_status":"closed","template":"","meta":{"footnotes":""},"class_list":["post-1596","page","type-page","status-publish","hentry"],"yoast_head":"<!-- This site is optimized with the Yoast SEO plugin v26.8 - https:\/\/yoast.com\/product\/yoast-seo-wordpress\/ -->\n<title>SERVICIOS - Styleeatup<\/title>\n<meta name=\"description\" content=\"Descubre nuestros servicios de nutrici\u00f3n, que incluyen consultas presenciales, sesiones online, epigen\u00e9tica y nutrici\u00f3n, y presoterapia.\" \/>\n<meta name=\"robots\" content=\"index, follow, max-snippet:-1, max-image-preview:large, max-video-preview:-1\" \/>\n<link rel=\"canonical\" href=\"https:\/\/www.styleeatup.gr\/es\/servicios\/\" \/>\n<meta property=\"og:locale\" content=\"es_ES\" \/>\n<meta property=\"og:type\" content=\"article\" \/>\n<meta property=\"og:title\" content=\"SERVICIOS - Styleeatup\" \/>\n<meta property=\"og:description\" content=\"Descubre nuestros servicios de nutrici\u00f3n, que incluyen consultas presenciales, sesiones online, epigen\u00e9tica y nutrici\u00f3n, y presoterapia.\" \/>\n<meta property=\"og:url\" content=\"https:\/\/www.styleeatup.gr\/es\/servicios\/\" \/>\n<meta property=\"og:site_name\" content=\"Styleeatup\" \/>\n<meta property=\"article:modified_time\" content=\"2026-01-20T14:34:16+00:00\" \/>\n<meta property=\"og:image\" content=\"https:\/\/www.styleeatup.gr\/wp-content\/uploads\/2025\/01\/dsc05157-1.webp\" \/>\n\t<meta property=\"og:image:width\" content=\"1066\" \/>\n\t<meta property=\"og:image:height\" content=\"1066\" \/>\n\t<meta property=\"og:image:type\" content=\"image\/webp\" \/>\n<meta name=\"twitter:card\" content=\"summary_large_image\" \/>\n<script type=\"application\/ld+json\" class=\"yoast-schema-graph\">{\"@context\":\"https:\/\/schema.org\",\"@graph\":[{\"@type\":\"WebPage\",\"@id\":\"https:\/\/www.styleeatup.gr\/es\/servicios\/\",\"url\":\"https:\/\/www.styleeatup.gr\/es\/servicios\/\",\"name\":\"SERVICIOS - Styleeatup\",\"isPartOf\":{\"@id\":\"https:\/\/www.styleeatup.gr\/es\/#website\"},\"primaryImageOfPage\":{\"@id\":\"https:\/\/www.styleeatup.gr\/es\/servicios\/#primaryimage\"},\"image\":{\"@id\":\"https:\/\/www.styleeatup.gr\/es\/servicios\/#primaryimage\"},\"thumbnailUrl\":\"https:\/\/www.styleeatup.gr\/wp-content\/uploads\/2025\/01\/dsc05157-1-300x300.webp\",\"datePublished\":\"2025-01-08T08:03:16+00:00\",\"dateModified\":\"2026-01-20T14:34:16+00:00\",\"description\":\"Descubre nuestros servicios de nutrici\u00f3n, que incluyen consultas presenciales, sesiones online, epigen\u00e9tica y nutrici\u00f3n, y presoterapia.\",\"breadcrumb\":{\"@id\":\"https:\/\/www.styleeatup.gr\/es\/servicios\/#breadcrumb\"},\"inLanguage\":\"es\",\"potentialAction\":[{\"@type\":\"ReadAction\",\"target\":[\"https:\/\/www.styleeatup.gr\/es\/servicios\/\"]}]},{\"@type\":\"ImageObject\",\"inLanguage\":\"es\",\"@id\":\"https:\/\/www.styleeatup.gr\/es\/servicios\/#primaryimage\",\"url\":\"https:\/\/www.styleeatup.gr\/wp-content\/uploads\/2025\/01\/dsc05157-1-300x300.webp\",\"contentUrl\":\"https:\/\/www.styleeatup.gr\/wp-content\/uploads\/2025\/01\/dsc05157-1-300x300.webp\"},{\"@type\":\"BreadcrumbList\",\"@id\":\"https:\/\/www.styleeatup.gr\/es\/servicios\/#breadcrumb\",\"itemListElement\":[{\"@type\":\"ListItem\",\"position\":1,\"name\":\"Home\",\"item\":\"https:\/\/www.styleeatup.gr\/es\/home-page\/\"},{\"@type\":\"ListItem\",\"position\":2,\"name\":\"SERVICIOS\"}]},{\"@type\":\"WebSite\",\"@id\":\"https:\/\/www.styleeatup.gr\/es\/#website\",\"url\":\"https:\/\/www.styleeatup.gr\/es\/\",\"name\":\"Styleeatup\",\"description\":\"\",\"publisher\":{\"@id\":\"https:\/\/www.styleeatup.gr\/es\/#organization\"},\"potentialAction\":[{\"@type\":\"SearchAction\",\"target\":{\"@type\":\"EntryPoint\",\"urlTemplate\":\"https:\/\/www.styleeatup.gr\/es\/?s={search_term_string}\"},\"query-input\":{\"@type\":\"PropertyValueSpecification\",\"valueRequired\":true,\"valueName\":\"search_term_string\"}}],\"inLanguage\":\"es\"},{\"@type\":\"Organization\",\"@id\":\"https:\/\/www.styleeatup.gr\/es\/#organization\",\"name\":\"Styleeatup\",\"url\":\"https:\/\/www.styleeatup.gr\/es\/\",\"logo\":{\"@type\":\"ImageObject\",\"inLanguage\":\"es\",\"@id\":\"https:\/\/www.styleeatup.gr\/es\/#\/schema\/logo\/image\/\",\"url\":\"https:\/\/www.styleeatup.gr\/wp-content\/uploads\/2024\/11\/Layer_1.svg\",\"contentUrl\":\"https:\/\/www.styleeatup.gr\/wp-content\/uploads\/2024\/11\/Layer_1.svg\",\"width\":198,\"height\":27,\"caption\":\"Styleeatup\"},\"image\":{\"@id\":\"https:\/\/www.styleeatup.gr\/es\/#\/schema\/logo\/image\/\"},\"sameAs\":[\"https:\/\/www.instagram.com\/styleeatup\/\"]}]}<\/script>\n<!-- \/ Yoast SEO plugin. -->","yoast_head_json":{"title":"SERVICIOS - Styleeatup","description":"Descubre nuestros servicios de nutrici\u00f3n, que incluyen consultas presenciales, sesiones online, epigen\u00e9tica y nutrici\u00f3n, y presoterapia.","robots":{"index":"index","follow":"follow","max-snippet":"max-snippet:-1","max-image-preview":"max-image-preview:large","max-video-preview":"max-video-preview:-1"},"canonical":"https:\/\/www.styleeatup.gr\/es\/servicios\/","og_locale":"es_ES","og_type":"article","og_title":"SERVICIOS - Styleeatup","og_description":"Descubre nuestros servicios de nutrici\u00f3n, que incluyen consultas presenciales, sesiones online, epigen\u00e9tica y nutrici\u00f3n, y presoterapia.","og_url":"https:\/\/www.styleeatup.gr\/es\/servicios\/","og_site_name":"Styleeatup","article_modified_time":"2026-01-20T14:34:16+00:00","og_image":[{"width":1066,"height":1066,"url":"https:\/\/www.styleeatup.gr\/wp-content\/uploads\/2025\/01\/dsc05157-1.webp","type":"image\/webp"}],"twitter_card":"summary_large_image","schema":{"@context":"https:\/\/schema.org","@graph":[{"@type":"WebPage","@id":"https:\/\/www.styleeatup.gr\/es\/servicios\/","url":"https:\/\/www.styleeatup.gr\/es\/servicios\/","name":"SERVICIOS - Styleeatup","isPartOf":{"@id":"https:\/\/www.styleeatup.gr\/es\/#website"},"primaryImageOfPage":{"@id":"https:\/\/www.styleeatup.gr\/es\/servicios\/#primaryimage"},"image":{"@id":"https:\/\/www.styleeatup.gr\/es\/servicios\/#primaryimage"},"thumbnailUrl":"https:\/\/www.styleeatup.gr\/wp-content\/uploads\/2025\/01\/dsc05157-1-300x300.webp","datePublished":"2025-01-08T08:03:16+00:00","dateModified":"2026-01-20T14:34:16+00:00","description":"Descubre nuestros servicios de nutrici\u00f3n, que incluyen consultas presenciales, sesiones online, epigen\u00e9tica y nutrici\u00f3n, y presoterapia.","breadcrumb":{"@id":"https:\/\/www.styleeatup.gr\/es\/servicios\/#breadcrumb"},"inLanguage":"es","potentialAction":[{"@type":"ReadAction","target":["https:\/\/www.styleeatup.gr\/es\/servicios\/"]}]},{"@type":"ImageObject","inLanguage":"es","@id":"https:\/\/www.styleeatup.gr\/es\/servicios\/#primaryimage","url":"https:\/\/www.styleeatup.gr\/wp-content\/uploads\/2025\/01\/dsc05157-1-300x300.webp","contentUrl":"https:\/\/www.styleeatup.gr\/wp-content\/uploads\/2025\/01\/dsc05157-1-300x300.webp"},{"@type":"BreadcrumbList","@id":"https:\/\/www.styleeatup.gr\/es\/servicios\/#breadcrumb","itemListElement":[{"@type":"ListItem","position":1,"name":"Home","item":"https:\/\/www.styleeatup.gr\/es\/home-page\/"},{"@type":"ListItem","position":2,"name":"SERVICIOS"}]},{"@type":"WebSite","@id":"https:\/\/www.styleeatup.gr\/es\/#website","url":"https:\/\/www.styleeatup.gr\/es\/","name":"Styleeatup","description":"","publisher":{"@id":"https:\/\/www.styleeatup.gr\/es\/#organization"},"potentialAction":[{"@type":"SearchAction","target":{"@type":"EntryPoint","urlTemplate":"https:\/\/www.styleeatup.gr\/es\/?s={search_term_string}"},"query-input":{"@type":"PropertyValueSpecification","valueRequired":true,"valueName":"search_term_string"}}],"inLanguage":"es"},{"@type":"Organization","@id":"https:\/\/www.styleeatup.gr\/es\/#organization","name":"Styleeatup","url":"https:\/\/www.styleeatup.gr\/es\/","logo":{"@type":"ImageObject","inLanguage":"es","@id":"https:\/\/www.styleeatup.gr\/es\/#\/schema\/logo\/image\/","url":"https:\/\/www.styleeatup.gr\/wp-content\/uploads\/2024\/11\/Layer_1.svg","contentUrl":"https:\/\/www.styleeatup.gr\/wp-content\/uploads\/2024\/11\/Layer_1.svg","width":198,"height":27,"caption":"Styleeatup"},"image":{"@id":"https:\/\/www.styleeatup.gr\/es\/#\/schema\/logo\/image\/"},"sameAs":["https:\/\/www.instagram.com\/styleeatup\/"]}]}},"_links":{"self":[{"href":"https:\/\/www.styleeatup.gr\/es\/wp-json\/wp\/v2\/pages\/1596","targetHints":{"allow":["GET"]}}],"collection":[{"href":"https:\/\/www.styleeatup.gr\/es\/wp-json\/wp\/v2\/pages"}],"about":[{"href":"https:\/\/www.styleeatup.gr\/es\/wp-json\/wp\/v2\/types\/page"}],"author":[{"embeddable":true,"href":"https:\/\/www.styleeatup.gr\/es\/wp-json\/wp\/v2\/users\/1"}],"replies":[{"embeddable":true,"href":"https:\/\/www.styleeatup.gr\/es\/wp-json\/wp\/v2\/comments?post=1596"}],"version-history":[{"count":1,"href":"https:\/\/www.styleeatup.gr\/es\/wp-json\/wp\/v2\/pages\/1596\/revisions"}],"predecessor-version":[{"id":1597,"href":"https:\/\/www.styleeatup.gr\/es\/wp-json\/wp\/v2\/pages\/1596\/revisions\/1597"}],"wp:attachment":[{"href":"https:\/\/www.styleeatup.gr\/es\/wp-json\/wp\/v2\/media?parent=1596"}],"curies":[{"name":"wp","href":"https:\/\/api.w.org\/{rel}","templated":true}]}}