{"id":1593,"date":"2024-11-14T21:09:15","date_gmt":"2024-11-14T21:09:15","guid":{"rendered":"https:\/\/www.styleeatup.gr\/la-clinica\/"},"modified":"2026-01-20T14:33:02","modified_gmt":"2026-01-20T14:33:02","slug":"la-clinica","status":"publish","type":"page","link":"https:\/\/www.styleeatup.gr\/es\/la-clinica\/","title":{"rendered":"LA CL\u00cdNICA"},"content":{"rendered":"\t\t<div data-elementor-type=\"wp-post\" data-elementor-id=\"1593\" class=\"elementor elementor-1593 elementor-59\">\n\t\t\t\t<div class=\"elementor-element elementor-element-ab71600 e-flex e-con-boxed e-con e-parent\" data-id=\"ab71600\" data-element_type=\"container\">\n\t\t\t\t\t<div class=\"e-con-inner\">\n\t\t<div class=\"elementor-element elementor-element-0241e35 e-grid e-con-full e-con e-child\" data-id=\"0241e35\" data-element_type=\"container\">\n\t\t\t\t<div class=\"elementor-element elementor-element-2fa6409 elementor-widget elementor-widget-image\" data-id=\"2fa6409\" data-element_type=\"widget\" data-widget_type=\"image.default\">\n\t\t\t\t<div class=\"elementor-widget-container\">\n\t\t\t\t\t\t\t\t\t\t\t\t\t\t\t<img fetchpriority=\"high\" decoding=\"async\" width=\"649\" height=\"605\" src=\"https:\/\/www.styleeatup.gr\/wp-content\/uploads\/2025\/02\/style-eat-up.webp\" class=\"attachment-large size-large wp-image-1571\" alt=\"style eat up\" srcset=\"https:\/\/www.styleeatup.gr\/wp-content\/uploads\/2025\/02\/style-eat-up.webp 649w, https:\/\/www.styleeatup.gr\/wp-content\/uploads\/2025\/02\/style-eat-up-300x280.webp 300w\" sizes=\"(max-width: 649px) 100vw, 649px\" \/>\t\t\t\t\t\t\t\t\t\t\t\t\t\t\t<\/div>\n\t\t\t\t<\/div>\n\t\t<div class=\"elementor-element elementor-element-4852804 e-con-full e-flex e-con e-child\" data-id=\"4852804\" data-element_type=\"container\" data-settings=\"{&quot;background_background&quot;:&quot;classic&quot;}\">\n\t\t\t\t<div class=\"elementor-element elementor-element-be356b6 elementor-widget elementor-widget-heading\" data-id=\"be356b6\" data-element_type=\"widget\" data-widget_type=\"heading.default\">\n\t\t\t\t<div class=\"elementor-widget-container\">\n\t\t\t\t\t<h2 class=\"elementor-heading-title elementor-size-default\">La Cl\u00ednica<\/h2>\t\t\t\t<\/div>\n\t\t\t\t<\/div>\n\t\t\t\t<div class=\"elementor-element elementor-element-cb0f5b0 elementor-widget elementor-widget-text-editor\" data-id=\"cb0f5b0\" data-element_type=\"widget\" data-widget_type=\"text-editor.default\">\n\t\t\t\t<div class=\"elementor-widget-container\">\n\t\t\t\t\t\t\t\t\t<p>La cl\u00ednica de Styleeatup ha sido dise\u00f1ada exclusivamente para crear una atm\u00f3sfera de calma, relajaci\u00f3n y serenidad en cada visita La cl\u00ednica cuenta con tecnolog\u00eda de vanguardia, dise\u00f1ada para proporcionarnos los datos y las herramientas necesarios para alcanzar sus metas de bienestar integral.<\/p><p>Instalaciones y equipamiento:<\/p><ul><li>Analizador de composici\u00f3n corporal Tanita MC-780<\/li><li>Dispositivo de medici\u00f3n del Metabolismo Basal QNRGMAX<\/li><li>EMS Body Sculpting Pro V<\/li><li>Dispositivo de presoterapia X-Press<\/li><\/ul>\t\t\t\t\t\t\t\t<\/div>\n\t\t\t\t<\/div>\n\t\t\t\t<\/div>\n\t\t\t\t<\/div>\n\t\t\t\t\t<\/div>\n\t\t\t\t<\/div>\n\t\t<div class=\"elementor-element elementor-element-009ee25 e-flex e-con-boxed e-con e-parent\" data-id=\"009ee25\" data-element_type=\"container\">\n\t\t\t\t\t<div class=\"e-con-inner\">\n\t\t\t\t<div class=\"elementor-element elementor-element-22a0363 elementor-widget elementor-widget-heading\" data-id=\"22a0363\" data-element_type=\"widget\" data-widget_type=\"heading.default\">\n\t\t\t\t<div class=\"elementor-widget-container\">\n\t\t\t\t\t<h2 class=\"elementor-heading-title elementor-size-default\">Descubra<br>nuestra cl\u00ednica:<\/h2>\t\t\t\t<\/div>\n\t\t\t\t<\/div>\n\t\t\t\t<div class=\"elementor-element elementor-element-82c923d elementor-arrows-position-inside elementor-widget elementor-widget-image-carousel\" data-id=\"82c923d\" data-element_type=\"widget\" data-settings=\"{&quot;slides_to_show&quot;:&quot;3&quot;,&quot;navigation&quot;:&quot;arrows&quot;,&quot;lazyload&quot;:&quot;yes&quot;,&quot;autoplay&quot;:&quot;yes&quot;,&quot;autoplay_speed&quot;:5000,&quot;speed&quot;:500,&quot;image_spacing_custom&quot;:{&quot;unit&quot;:&quot;px&quot;,&quot;size&quot;:20,&quot;sizes&quot;:[]},&quot;image_spacing_custom_tablet&quot;:{&quot;unit&quot;:&quot;px&quot;,&quot;size&quot;:&quot;&quot;,&quot;sizes&quot;:[]},&quot;image_spacing_custom_mobile&quot;:{&quot;unit&quot;:&quot;px&quot;,&quot;size&quot;:&quot;&quot;,&quot;sizes&quot;:[]}}\" data-widget_type=\"image-carousel.default\">\n\t\t\t\t<div class=\"elementor-widget-container\">\n\t\t\t\t\t\t\t<div class=\"elementor-image-carousel-wrapper swiper\" role=\"region\" aria-roledescription=\"carousel\" aria-label=\"Carrusel de im\u00e1genes\" dir=\"ltr\">\n\t\t\t<div class=\"elementor-image-carousel swiper-wrapper\" aria-live=\"off\">\n\t\t\t\t\t\t\t\t<div class=\"swiper-slide\" role=\"group\" aria-roledescription=\"slide\" aria-label=\"1 de 13\"><a data-elementor-open-lightbox=\"yes\" data-elementor-lightbox-slideshow=\"82c923d\" data-elementor-lightbox-title=\"dsc04107-hdr1\" data-e-action-hash=\"#elementor-action%3Aaction%3Dlightbox%26settings%3DeyJpZCI6MTU3MiwidXJsIjoiaHR0cHM6XC9cL3d3dy5zdHlsZWVhdHVwLmdyXC93cC1jb250ZW50XC91cGxvYWRzXC8yMDI1XC8wMVwvZHNjMDQxMDctaGRyMS53ZWJwIiwic2xpZGVzaG93IjoiODJjOTIzZCJ9\" href=\"https:\/\/www.styleeatup.gr\/wp-content\/uploads\/2025\/01\/dsc04107-hdr1.webp\"><figure class=\"swiper-slide-inner\"><img class=\"swiper-slide-image swiper-lazy\" data-src=\"https:\/\/www.styleeatup.gr\/wp-content\/uploads\/elementor\/thumbs\/dsc04107-hdr1-r66fn2j241dgmcstf13yeogdes0758svu9pykcdsjo.webp\" alt=\"dsc04107-hdr1\" \/><div class=\"swiper-lazy-preloader\"><\/div><\/figure><\/a><\/div><div class=\"swiper-slide\" role=\"group\" aria-roledescription=\"slide\" aria-label=\"2 de 13\"><a data-elementor-open-lightbox=\"yes\" data-elementor-lightbox-slideshow=\"82c923d\" data-elementor-lightbox-title=\"dsc04176-hdr1\" data-e-action-hash=\"#elementor-action%3Aaction%3Dlightbox%26settings%3DeyJpZCI6MTU3MywidXJsIjoiaHR0cHM6XC9cL3d3dy5zdHlsZWVhdHVwLmdyXC93cC1jb250ZW50XC91cGxvYWRzXC8yMDI1XC8wMVwvZHNjMDQxNzYtaGRyMS53ZWJwIiwic2xpZGVzaG93IjoiODJjOTIzZCJ9\" href=\"https:\/\/www.styleeatup.gr\/wp-content\/uploads\/2025\/01\/dsc04176-hdr1.webp\"><figure class=\"swiper-slide-inner\"><img class=\"swiper-slide-image swiper-lazy\" data-src=\"https:\/\/www.styleeatup.gr\/wp-content\/uploads\/elementor\/thumbs\/dsc04176-hdr1-r66fn2j241dgmcstf13yeogdes0758svu9pykcdsjo.webp\" alt=\"dsc04176-hdr1\" \/><div class=\"swiper-lazy-preloader\"><\/div><\/figure><\/a><\/div><div class=\"swiper-slide\" role=\"group\" aria-roledescription=\"slide\" aria-label=\"3 de 13\"><a data-elementor-open-lightbox=\"yes\" data-elementor-lightbox-slideshow=\"82c923d\" data-elementor-lightbox-title=\"dsc04182-hdr1\" data-e-action-hash=\"#elementor-action%3Aaction%3Dlightbox%26settings%3DeyJpZCI6MTU3NCwidXJsIjoiaHR0cHM6XC9cL3d3dy5zdHlsZWVhdHVwLmdyXC93cC1jb250ZW50XC91cGxvYWRzXC8yMDI1XC8wMVwvZHNjMDQxODItaGRyMS53ZWJwIiwic2xpZGVzaG93IjoiODJjOTIzZCJ9\" href=\"https:\/\/www.styleeatup.gr\/wp-content\/uploads\/2025\/01\/dsc04182-hdr1.webp\"><figure class=\"swiper-slide-inner\"><img class=\"swiper-slide-image swiper-lazy\" data-src=\"https:\/\/www.styleeatup.gr\/wp-content\/uploads\/elementor\/thumbs\/dsc04182-hdr1-r66fn2j241dgmcstf13yeogdes0758svu9pykcdsjo.webp\" alt=\"dsc04182-hdr1\" \/><div class=\"swiper-lazy-preloader\"><\/div><\/figure><\/a><\/div><div class=\"swiper-slide\" role=\"group\" aria-roledescription=\"slide\" aria-label=\"4 de 13\"><a data-elementor-open-lightbox=\"yes\" data-elementor-lightbox-slideshow=\"82c923d\" data-elementor-lightbox-title=\"dsc04197-hdr1\" data-e-action-hash=\"#elementor-action%3Aaction%3Dlightbox%26settings%3DeyJpZCI6MTU3NSwidXJsIjoiaHR0cHM6XC9cL3d3dy5zdHlsZWVhdHVwLmdyXC93cC1jb250ZW50XC91cGxvYWRzXC8yMDI1XC8wMVwvZHNjMDQxOTctaGRyMS53ZWJwIiwic2xpZGVzaG93IjoiODJjOTIzZCJ9\" href=\"https:\/\/www.styleeatup.gr\/wp-content\/uploads\/2025\/01\/dsc04197-hdr1.webp\"><figure class=\"swiper-slide-inner\"><img class=\"swiper-slide-image swiper-lazy\" data-src=\"https:\/\/www.styleeatup.gr\/wp-content\/uploads\/elementor\/thumbs\/dsc04197-hdr1-r66fn2j241dgmcstf13yeogdes0758svu9pykcdsjo.webp\" alt=\"dsc04197-hdr1\" \/><div class=\"swiper-lazy-preloader\"><\/div><\/figure><\/a><\/div><div class=\"swiper-slide\" role=\"group\" aria-roledescription=\"slide\" aria-label=\"5 de 13\"><a data-elementor-open-lightbox=\"yes\" data-elementor-lightbox-slideshow=\"82c923d\" data-elementor-lightbox-title=\"dsc04203-hdr1\" data-e-action-hash=\"#elementor-action%3Aaction%3Dlightbox%26settings%3DeyJpZCI6MTU3NiwidXJsIjoiaHR0cHM6XC9cL3d3dy5zdHlsZWVhdHVwLmdyXC93cC1jb250ZW50XC91cGxvYWRzXC8yMDI1XC8wMVwvZHNjMDQyMDMtaGRyMS53ZWJwIiwic2xpZGVzaG93IjoiODJjOTIzZCJ9\" href=\"https:\/\/www.styleeatup.gr\/wp-content\/uploads\/2025\/01\/dsc04203-hdr1.webp\"><figure class=\"swiper-slide-inner\"><img class=\"swiper-slide-image swiper-lazy\" data-src=\"https:\/\/www.styleeatup.gr\/wp-content\/uploads\/elementor\/thumbs\/dsc04203-hdr1-r66fn2j241dgmcstf13yeogdes0758svu9pykcdsjo.webp\" alt=\"dsc04203-hdr1\" \/><div class=\"swiper-lazy-preloader\"><\/div><\/figure><\/a><\/div><div class=\"swiper-slide\" role=\"group\" aria-roledescription=\"slide\" aria-label=\"6 de 13\"><a data-elementor-open-lightbox=\"yes\" data-elementor-lightbox-slideshow=\"82c923d\" data-elementor-lightbox-title=\"dsc04212-hdr1\" data-e-action-hash=\"#elementor-action%3Aaction%3Dlightbox%26settings%3DeyJpZCI6MTU3NywidXJsIjoiaHR0cHM6XC9cL3d3dy5zdHlsZWVhdHVwLmdyXC93cC1jb250ZW50XC91cGxvYWRzXC8yMDI1XC8wMVwvZHNjMDQyMTItaGRyMS53ZWJwIiwic2xpZGVzaG93IjoiODJjOTIzZCJ9\" href=\"https:\/\/www.styleeatup.gr\/wp-content\/uploads\/2025\/01\/dsc04212-hdr1.webp\"><figure class=\"swiper-slide-inner\"><img class=\"swiper-slide-image swiper-lazy\" data-src=\"https:\/\/www.styleeatup.gr\/wp-content\/uploads\/elementor\/thumbs\/dsc04212-hdr1-r66fn2j241dgmcstf13yeogdes0758svu9pykcdsjo.webp\" alt=\"dsc04212-hdr1\" \/><div class=\"swiper-lazy-preloader\"><\/div><\/figure><\/a><\/div><div class=\"swiper-slide\" role=\"group\" aria-roledescription=\"slide\" aria-label=\"7 de 13\"><a data-elementor-open-lightbox=\"yes\" data-elementor-lightbox-slideshow=\"82c923d\" data-elementor-lightbox-title=\"dsc04218-hdr1\" data-e-action-hash=\"#elementor-action%3Aaction%3Dlightbox%26settings%3DeyJpZCI6MTU3OCwidXJsIjoiaHR0cHM6XC9cL3d3dy5zdHlsZWVhdHVwLmdyXC93cC1jb250ZW50XC91cGxvYWRzXC8yMDI1XC8wMVwvZHNjMDQyMTgtaGRyMS53ZWJwIiwic2xpZGVzaG93IjoiODJjOTIzZCJ9\" href=\"https:\/\/www.styleeatup.gr\/wp-content\/uploads\/2025\/01\/dsc04218-hdr1.webp\"><figure class=\"swiper-slide-inner\"><img class=\"swiper-slide-image swiper-lazy\" data-src=\"https:\/\/www.styleeatup.gr\/wp-content\/uploads\/elementor\/thumbs\/dsc04218-hdr1-r66fn2j241dgmcstf13yeogdes0758svu9pykcdsjo.webp\" alt=\"dsc04218-hdr1\" \/><div class=\"swiper-lazy-preloader\"><\/div><\/figure><\/a><\/div><div class=\"swiper-slide\" role=\"group\" aria-roledescription=\"slide\" aria-label=\"8 de 13\"><a data-elementor-open-lightbox=\"yes\" data-elementor-lightbox-slideshow=\"82c923d\" data-elementor-lightbox-title=\"dsc04254-hdr1\" data-e-action-hash=\"#elementor-action%3Aaction%3Dlightbox%26settings%3DeyJpZCI6MTU3OSwidXJsIjoiaHR0cHM6XC9cL3d3dy5zdHlsZWVhdHVwLmdyXC93cC1jb250ZW50XC91cGxvYWRzXC8yMDI1XC8wMVwvZHNjMDQyNTQtaGRyMS53ZWJwIiwic2xpZGVzaG93IjoiODJjOTIzZCJ9\" href=\"https:\/\/www.styleeatup.gr\/wp-content\/uploads\/2025\/01\/dsc04254-hdr1.webp\"><figure class=\"swiper-slide-inner\"><img class=\"swiper-slide-image swiper-lazy\" data-src=\"https:\/\/www.styleeatup.gr\/wp-content\/uploads\/elementor\/thumbs\/dsc04254-hdr1-r66fn2j241dgmcstf13yeogdes0758svu9pykcdsjo.webp\" alt=\"dsc04254-hdr1\" \/><div class=\"swiper-lazy-preloader\"><\/div><\/figure><\/a><\/div><div class=\"swiper-slide\" role=\"group\" aria-roledescription=\"slide\" aria-label=\"9 de 13\"><a data-elementor-open-lightbox=\"yes\" data-elementor-lightbox-slideshow=\"82c923d\" data-elementor-lightbox-title=\"dsc04146-hdr1\" data-e-action-hash=\"#elementor-action%3Aaction%3Dlightbox%26settings%3DeyJpZCI6MTU4MCwidXJsIjoiaHR0cHM6XC9cL3d3dy5zdHlsZWVhdHVwLmdyXC93cC1jb250ZW50XC91cGxvYWRzXC8yMDI1XC8wMVwvZHNjMDQxNDYtaGRyMS53ZWJwIiwic2xpZGVzaG93IjoiODJjOTIzZCJ9\" href=\"https:\/\/www.styleeatup.gr\/wp-content\/uploads\/2025\/01\/dsc04146-hdr1.webp\"><figure class=\"swiper-slide-inner\"><img class=\"swiper-slide-image swiper-lazy\" data-src=\"https:\/\/www.styleeatup.gr\/wp-content\/uploads\/elementor\/thumbs\/dsc04146-hdr1-r66fn2j241dgmcstf13yeogdes0758svu9pykcdsjo.webp\" alt=\"dsc04146-hdr1\" \/><div class=\"swiper-lazy-preloader\"><\/div><\/figure><\/a><\/div><div class=\"swiper-slide\" role=\"group\" aria-roledescription=\"slide\" aria-label=\"10 de 13\"><a data-elementor-open-lightbox=\"yes\" data-elementor-lightbox-slideshow=\"82c923d\" data-elementor-lightbox-title=\"dsc04143-hdr1\" data-e-action-hash=\"#elementor-action%3Aaction%3Dlightbox%26settings%3DeyJpZCI6MTU4MSwidXJsIjoiaHR0cHM6XC9cL3d3dy5zdHlsZWVhdHVwLmdyXC93cC1jb250ZW50XC91cGxvYWRzXC8yMDI1XC8wMVwvZHNjMDQxNDMtaGRyMS53ZWJwIiwic2xpZGVzaG93IjoiODJjOTIzZCJ9\" href=\"https:\/\/www.styleeatup.gr\/wp-content\/uploads\/2025\/01\/dsc04143-hdr1.webp\"><figure class=\"swiper-slide-inner\"><img class=\"swiper-slide-image swiper-lazy\" data-src=\"https:\/\/www.styleeatup.gr\/wp-content\/uploads\/elementor\/thumbs\/dsc04143-hdr1-r66fn2j241dgmcstf13yeogdes0758svu9pykcdsjo.webp\" alt=\"dsc04143-hdr1\" \/><div class=\"swiper-lazy-preloader\"><\/div><\/figure><\/a><\/div><div class=\"swiper-slide\" role=\"group\" aria-roledescription=\"slide\" aria-label=\"11 de 13\"><a data-elementor-open-lightbox=\"yes\" data-elementor-lightbox-slideshow=\"82c923d\" data-elementor-lightbox-title=\"dsc04134-hdr1\" data-e-action-hash=\"#elementor-action%3Aaction%3Dlightbox%26settings%3DeyJpZCI6MTU4MiwidXJsIjoiaHR0cHM6XC9cL3d3dy5zdHlsZWVhdHVwLmdyXC93cC1jb250ZW50XC91cGxvYWRzXC8yMDI1XC8wMVwvZHNjMDQxMzQtaGRyMS53ZWJwIiwic2xpZGVzaG93IjoiODJjOTIzZCJ9\" href=\"https:\/\/www.styleeatup.gr\/wp-content\/uploads\/2025\/01\/dsc04134-hdr1.webp\"><figure class=\"swiper-slide-inner\"><img class=\"swiper-slide-image swiper-lazy\" data-src=\"https:\/\/www.styleeatup.gr\/wp-content\/uploads\/elementor\/thumbs\/dsc04134-hdr1-r66fn2j241dgmcstf13yeogdes0758svu9pykcdsjo.webp\" alt=\"dsc04134-hdr1\" \/><div class=\"swiper-lazy-preloader\"><\/div><\/figure><\/a><\/div><div class=\"swiper-slide\" role=\"group\" aria-roledescription=\"slide\" aria-label=\"12 de 13\"><a data-elementor-open-lightbox=\"yes\" data-elementor-lightbox-slideshow=\"82c923d\" data-elementor-lightbox-title=\"dsc04131-hdr1\" data-e-action-hash=\"#elementor-action%3Aaction%3Dlightbox%26settings%3DeyJpZCI6MTU4MywidXJsIjoiaHR0cHM6XC9cL3d3dy5zdHlsZWVhdHVwLmdyXC93cC1jb250ZW50XC91cGxvYWRzXC8yMDI1XC8wMVwvZHNjMDQxMzEtaGRyMS53ZWJwIiwic2xpZGVzaG93IjoiODJjOTIzZCJ9\" href=\"https:\/\/www.styleeatup.gr\/wp-content\/uploads\/2025\/01\/dsc04131-hdr1.webp\"><figure class=\"swiper-slide-inner\"><img class=\"swiper-slide-image swiper-lazy\" data-src=\"https:\/\/www.styleeatup.gr\/wp-content\/uploads\/elementor\/thumbs\/dsc04131-hdr1-r66fn2j241dgmcstf13yeogdes0758svu9pykcdsjo.webp\" alt=\"dsc04131-hdr1\" \/><div class=\"swiper-lazy-preloader\"><\/div><\/figure><\/a><\/div><div class=\"swiper-slide\" role=\"group\" aria-roledescription=\"slide\" aria-label=\"13 de 13\"><a data-elementor-open-lightbox=\"yes\" data-elementor-lightbox-slideshow=\"82c923d\" data-elementor-lightbox-title=\"dsc04125-hdr1\" data-e-action-hash=\"#elementor-action%3Aaction%3Dlightbox%26settings%3DeyJpZCI6MTU4NCwidXJsIjoiaHR0cHM6XC9cL3d3dy5zdHlsZWVhdHVwLmdyXC93cC1jb250ZW50XC91cGxvYWRzXC8yMDI1XC8wMVwvZHNjMDQxMjUtaGRyMS53ZWJwIiwic2xpZGVzaG93IjoiODJjOTIzZCJ9\" href=\"https:\/\/www.styleeatup.gr\/wp-content\/uploads\/2025\/01\/dsc04125-hdr1.webp\"><figure class=\"swiper-slide-inner\"><img class=\"swiper-slide-image swiper-lazy\" data-src=\"https:\/\/www.styleeatup.gr\/wp-content\/uploads\/elementor\/thumbs\/dsc04125-hdr1-r66fn2j241dgmcstf13yeogdes0758svu9pykcdsjo.webp\" alt=\"dsc04125-hdr1\" \/><div class=\"swiper-lazy-preloader\"><\/div><\/figure><\/a><\/div>\t\t\t<\/div>\n\t\t\t\t\t\t\t\t\t\t\t\t<div class=\"elementor-swiper-button elementor-swiper-button-prev\" role=\"button\" tabindex=\"0\">\n\t\t\t\t\t\t<svg aria-hidden=\"true\" class=\"e-font-icon-svg e-eicon-chevron-left\" viewBox=\"0 0 1000 1000\" xmlns=\"http:\/\/www.w3.org\/2000\/svg\"><path d=\"M646 125C629 125 613 133 604 142L308 442C296 454 292 471 292 487 292 504 296 521 308 533L604 854C617 867 629 875 646 875 663 875 679 871 692 858 704 846 713 829 713 812 713 796 708 779 692 767L438 487 692 225C700 217 708 204 708 187 708 171 704 154 692 142 675 129 663 125 646 125Z\"><\/path><\/svg>\t\t\t\t\t<\/div>\n\t\t\t\t\t<div class=\"elementor-swiper-button elementor-swiper-button-next\" role=\"button\" tabindex=\"0\">\n\t\t\t\t\t\t<svg aria-hidden=\"true\" class=\"e-font-icon-svg e-eicon-chevron-right\" viewBox=\"0 0 1000 1000\" xmlns=\"http:\/\/www.w3.org\/2000\/svg\"><path d=\"M696 533C708 521 713 504 713 487 713 471 708 454 696 446L400 146C388 133 375 125 354 125 338 125 325 129 313 142 300 154 292 171 292 187 292 204 296 221 308 233L563 492 304 771C292 783 288 800 288 817 288 833 296 850 308 863 321 871 338 875 354 875 371 875 388 867 400 854L696 533Z\"><\/path><\/svg>\t\t\t\t\t<\/div>\n\t\t\t\t\n\t\t\t\t\t\t\t\t\t<\/div>\n\t\t\t\t\t\t<\/div>\n\t\t\t\t<\/div>\n\t\t\t\t\t<\/div>\n\t\t\t\t<\/div>\n\t\t\t\t<\/div>\n\t\t","protected":false},"excerpt":{"rendered":"<p>La Cl\u00ednica La cl\u00ednica de Styleeatup ha sido dise\u00f1ada exclusivamente para crear una atm\u00f3sfera de calma, relajaci\u00f3n y serenidad en cada visita La cl\u00ednica cuenta con tecnolog\u00eda de vanguardia, dise\u00f1ada para proporcionarnos los datos y las herramientas necesarios para alcanzar sus metas de bienestar integral. Instalaciones y equipamiento: Analizador de composici\u00f3n corporal Tanita MC-780 Dispositivo [&hellip;]<\/p>\n","protected":false},"author":1,"featured_media":0,"parent":0,"menu_order":0,"comment_status":"closed","ping_status":"closed","template":"elementor_header_footer","meta":{"footnotes":""},"class_list":["post-1593","page","type-page","status-publish","hentry"],"yoast_head":"<!-- This site is optimized with the Yoast SEO plugin v26.8 - https:\/\/yoast.com\/product\/yoast-seo-wordpress\/ -->\n<title>LA CL\u00cdNICA - Styleeatup<\/title>\n<meta name=\"description\" content=\"El espacio de la nutricionista est\u00e1 especialmente dise\u00f1ado para ofrecer una sensaci\u00f3n de calma, relajaci\u00f3n y bienestar a cada cliente.\" \/>\n<meta name=\"robots\" content=\"index, follow, max-snippet:-1, max-image-preview:large, max-video-preview:-1\" \/>\n<link rel=\"canonical\" href=\"https:\/\/www.styleeatup.gr\/es\/la-clinica\/\" \/>\n<meta property=\"og:locale\" content=\"es_ES\" \/>\n<meta property=\"og:type\" content=\"article\" \/>\n<meta property=\"og:title\" content=\"LA CL\u00cdNICA - Styleeatup\" \/>\n<meta property=\"og:description\" content=\"El espacio de la nutricionista est\u00e1 especialmente dise\u00f1ado para ofrecer una sensaci\u00f3n de calma, relajaci\u00f3n y bienestar a cada cliente.\" \/>\n<meta property=\"og:url\" content=\"https:\/\/www.styleeatup.gr\/es\/la-clinica\/\" \/>\n<meta property=\"og:site_name\" content=\"Styleeatup\" \/>\n<meta property=\"article:modified_time\" content=\"2026-01-20T14:33:02+00:00\" \/>\n<meta property=\"og:image\" content=\"https:\/\/www.styleeatup.gr\/wp-content\/uploads\/2025\/02\/style-eat-up.webp\" \/>\n\t<meta property=\"og:image:width\" content=\"649\" \/>\n\t<meta property=\"og:image:height\" content=\"605\" \/>\n\t<meta property=\"og:image:type\" content=\"image\/webp\" \/>\n<meta name=\"twitter:card\" content=\"summary_large_image\" \/>\n<script type=\"application\/ld+json\" class=\"yoast-schema-graph\">{\"@context\":\"https:\/\/schema.org\",\"@graph\":[{\"@type\":\"WebPage\",\"@id\":\"https:\/\/www.styleeatup.gr\/es\/la-clinica\/\",\"url\":\"https:\/\/www.styleeatup.gr\/es\/la-clinica\/\",\"name\":\"LA CL\u00cdNICA - Styleeatup\",\"isPartOf\":{\"@id\":\"https:\/\/www.styleeatup.gr\/es\/#website\"},\"primaryImageOfPage\":{\"@id\":\"https:\/\/www.styleeatup.gr\/es\/la-clinica\/#primaryimage\"},\"image\":{\"@id\":\"https:\/\/www.styleeatup.gr\/es\/la-clinica\/#primaryimage\"},\"thumbnailUrl\":\"https:\/\/www.styleeatup.gr\/wp-content\/uploads\/2025\/02\/style-eat-up.webp\",\"datePublished\":\"2024-11-14T21:09:15+00:00\",\"dateModified\":\"2026-01-20T14:33:02+00:00\",\"description\":\"El espacio de la nutricionista est\u00e1 especialmente dise\u00f1ado para ofrecer una sensaci\u00f3n de calma, relajaci\u00f3n y bienestar a cada cliente.\",\"breadcrumb\":{\"@id\":\"https:\/\/www.styleeatup.gr\/es\/la-clinica\/#breadcrumb\"},\"inLanguage\":\"es\",\"potentialAction\":[{\"@type\":\"ReadAction\",\"target\":[\"https:\/\/www.styleeatup.gr\/es\/la-clinica\/\"]}]},{\"@type\":\"ImageObject\",\"inLanguage\":\"es\",\"@id\":\"https:\/\/www.styleeatup.gr\/es\/la-clinica\/#primaryimage\",\"url\":\"https:\/\/www.styleeatup.gr\/wp-content\/uploads\/2025\/02\/style-eat-up.webp\",\"contentUrl\":\"https:\/\/www.styleeatup.gr\/wp-content\/uploads\/2025\/02\/style-eat-up.webp\"},{\"@type\":\"BreadcrumbList\",\"@id\":\"https:\/\/www.styleeatup.gr\/es\/la-clinica\/#breadcrumb\",\"itemListElement\":[{\"@type\":\"ListItem\",\"position\":1,\"name\":\"Home\",\"item\":\"https:\/\/www.styleeatup.gr\/es\/home-page\/\"},{\"@type\":\"ListItem\",\"position\":2,\"name\":\"LA CL\u00cdNICA\"}]},{\"@type\":\"WebSite\",\"@id\":\"https:\/\/www.styleeatup.gr\/es\/#website\",\"url\":\"https:\/\/www.styleeatup.gr\/es\/\",\"name\":\"Styleeatup\",\"description\":\"\",\"publisher\":{\"@id\":\"https:\/\/www.styleeatup.gr\/es\/#organization\"},\"potentialAction\":[{\"@type\":\"SearchAction\",\"target\":{\"@type\":\"EntryPoint\",\"urlTemplate\":\"https:\/\/www.styleeatup.gr\/es\/?s={search_term_string}\"},\"query-input\":{\"@type\":\"PropertyValueSpecification\",\"valueRequired\":true,\"valueName\":\"search_term_string\"}}],\"inLanguage\":\"es\"},{\"@type\":\"Organization\",\"@id\":\"https:\/\/www.styleeatup.gr\/es\/#organization\",\"name\":\"Styleeatup\",\"url\":\"https:\/\/www.styleeatup.gr\/es\/\",\"logo\":{\"@type\":\"ImageObject\",\"inLanguage\":\"es\",\"@id\":\"https:\/\/www.styleeatup.gr\/es\/#\/schema\/logo\/image\/\",\"url\":\"https:\/\/www.styleeatup.gr\/wp-content\/uploads\/2024\/11\/Layer_1.svg\",\"contentUrl\":\"https:\/\/www.styleeatup.gr\/wp-content\/uploads\/2024\/11\/Layer_1.svg\",\"width\":198,\"height\":27,\"caption\":\"Styleeatup\"},\"image\":{\"@id\":\"https:\/\/www.styleeatup.gr\/es\/#\/schema\/logo\/image\/\"},\"sameAs\":[\"https:\/\/www.instagram.com\/styleeatup\/\"]}]}<\/script>\n<!-- \/ Yoast SEO plugin. -->","yoast_head_json":{"title":"LA CL\u00cdNICA - Styleeatup","description":"El espacio de la nutricionista est\u00e1 especialmente dise\u00f1ado para ofrecer una sensaci\u00f3n de calma, relajaci\u00f3n y bienestar a cada cliente.","robots":{"index":"index","follow":"follow","max-snippet":"max-snippet:-1","max-image-preview":"max-image-preview:large","max-video-preview":"max-video-preview:-1"},"canonical":"https:\/\/www.styleeatup.gr\/es\/la-clinica\/","og_locale":"es_ES","og_type":"article","og_title":"LA CL\u00cdNICA - Styleeatup","og_description":"El espacio de la nutricionista est\u00e1 especialmente dise\u00f1ado para ofrecer una sensaci\u00f3n de calma, relajaci\u00f3n y bienestar a cada cliente.","og_url":"https:\/\/www.styleeatup.gr\/es\/la-clinica\/","og_site_name":"Styleeatup","article_modified_time":"2026-01-20T14:33:02+00:00","og_image":[{"width":649,"height":605,"url":"https:\/\/www.styleeatup.gr\/wp-content\/uploads\/2025\/02\/style-eat-up.webp","type":"image\/webp"}],"twitter_card":"summary_large_image","schema":{"@context":"https:\/\/schema.org","@graph":[{"@type":"WebPage","@id":"https:\/\/www.styleeatup.gr\/es\/la-clinica\/","url":"https:\/\/www.styleeatup.gr\/es\/la-clinica\/","name":"LA CL\u00cdNICA - Styleeatup","isPartOf":{"@id":"https:\/\/www.styleeatup.gr\/es\/#website"},"primaryImageOfPage":{"@id":"https:\/\/www.styleeatup.gr\/es\/la-clinica\/#primaryimage"},"image":{"@id":"https:\/\/www.styleeatup.gr\/es\/la-clinica\/#primaryimage"},"thumbnailUrl":"https:\/\/www.styleeatup.gr\/wp-content\/uploads\/2025\/02\/style-eat-up.webp","datePublished":"2024-11-14T21:09:15+00:00","dateModified":"2026-01-20T14:33:02+00:00","description":"El espacio de la nutricionista est\u00e1 especialmente dise\u00f1ado para ofrecer una sensaci\u00f3n de calma, relajaci\u00f3n y bienestar a cada cliente.","breadcrumb":{"@id":"https:\/\/www.styleeatup.gr\/es\/la-clinica\/#breadcrumb"},"inLanguage":"es","potentialAction":[{"@type":"ReadAction","target":["https:\/\/www.styleeatup.gr\/es\/la-clinica\/"]}]},{"@type":"ImageObject","inLanguage":"es","@id":"https:\/\/www.styleeatup.gr\/es\/la-clinica\/#primaryimage","url":"https:\/\/www.styleeatup.gr\/wp-content\/uploads\/2025\/02\/style-eat-up.webp","contentUrl":"https:\/\/www.styleeatup.gr\/wp-content\/uploads\/2025\/02\/style-eat-up.webp"},{"@type":"BreadcrumbList","@id":"https:\/\/www.styleeatup.gr\/es\/la-clinica\/#breadcrumb","itemListElement":[{"@type":"ListItem","position":1,"name":"Home","item":"https:\/\/www.styleeatup.gr\/es\/home-page\/"},{"@type":"ListItem","position":2,"name":"LA CL\u00cdNICA"}]},{"@type":"WebSite","@id":"https:\/\/www.styleeatup.gr\/es\/#website","url":"https:\/\/www.styleeatup.gr\/es\/","name":"Styleeatup","description":"","publisher":{"@id":"https:\/\/www.styleeatup.gr\/es\/#organization"},"potentialAction":[{"@type":"SearchAction","target":{"@type":"EntryPoint","urlTemplate":"https:\/\/www.styleeatup.gr\/es\/?s={search_term_string}"},"query-input":{"@type":"PropertyValueSpecification","valueRequired":true,"valueName":"search_term_string"}}],"inLanguage":"es"},{"@type":"Organization","@id":"https:\/\/www.styleeatup.gr\/es\/#organization","name":"Styleeatup","url":"https:\/\/www.styleeatup.gr\/es\/","logo":{"@type":"ImageObject","inLanguage":"es","@id":"https:\/\/www.styleeatup.gr\/es\/#\/schema\/logo\/image\/","url":"https:\/\/www.styleeatup.gr\/wp-content\/uploads\/2024\/11\/Layer_1.svg","contentUrl":"https:\/\/www.styleeatup.gr\/wp-content\/uploads\/2024\/11\/Layer_1.svg","width":198,"height":27,"caption":"Styleeatup"},"image":{"@id":"https:\/\/www.styleeatup.gr\/es\/#\/schema\/logo\/image\/"},"sameAs":["https:\/\/www.instagram.com\/styleeatup\/"]}]}},"_links":{"self":[{"href":"https:\/\/www.styleeatup.gr\/es\/wp-json\/wp\/v2\/pages\/1593","targetHints":{"allow":["GET"]}}],"collection":[{"href":"https:\/\/www.styleeatup.gr\/es\/wp-json\/wp\/v2\/pages"}],"about":[{"href":"https:\/\/www.styleeatup.gr\/es\/wp-json\/wp\/v2\/types\/page"}],"author":[{"embeddable":true,"href":"https:\/\/www.styleeatup.gr\/es\/wp-json\/wp\/v2\/users\/1"}],"replies":[{"embeddable":true,"href":"https:\/\/www.styleeatup.gr\/es\/wp-json\/wp\/v2\/comments?post=1593"}],"version-history":[{"count":1,"href":"https:\/\/www.styleeatup.gr\/es\/wp-json\/wp\/v2\/pages\/1593\/revisions"}],"predecessor-version":[{"id":1595,"href":"https:\/\/www.styleeatup.gr\/es\/wp-json\/wp\/v2\/pages\/1593\/revisions\/1595"}],"wp:attachment":[{"href":"https:\/\/www.styleeatup.gr\/es\/wp-json\/wp\/v2\/media?parent=1593"}],"curies":[{"name":"wp","href":"https:\/\/api.w.org\/{rel}","templated":true}]}}