{"id":1590,"date":"2025-01-07T19:44:47","date_gmt":"2025-01-07T19:44:47","guid":{"rendered":"https:\/\/www.styleeatup.gr\/la-dietista\/"},"modified":"2026-01-20T14:30:40","modified_gmt":"2026-01-20T14:30:40","slug":"la-dietista","status":"publish","type":"page","link":"https:\/\/www.styleeatup.gr\/es\/la-dietista\/","title":{"rendered":"LA DIETISTA"},"content":{"rendered":"\t\t<div data-elementor-type=\"wp-page\" data-elementor-id=\"1590\" class=\"elementor elementor-1590 elementor-126\">\n\t\t\t\t<div class=\"elementor-element elementor-element-60f3340 e-flex e-con-boxed e-con e-parent\" data-id=\"60f3340\" data-element_type=\"container\" data-settings=\"{&quot;background_background&quot;:&quot;classic&quot;}\">\n\t\t\t\t\t<div class=\"e-con-inner\">\n\t\t<div class=\"elementor-element elementor-element-a371619 e-con-full e-flex e-con e-child\" data-id=\"a371619\" data-element_type=\"container\">\n\t\t\t\t<div class=\"elementor-element elementor-element-c2c69cc elementor-widget elementor-widget-heading\" data-id=\"c2c69cc\" data-element_type=\"widget\" data-widget_type=\"heading.default\">\n\t\t\t\t<div class=\"elementor-widget-container\">\n\t\t\t\t\t<h2 class=\"elementor-heading-title elementor-size-default\">\u00a1Hola!<\/h2>\t\t\t\t<\/div>\n\t\t\t\t<\/div>\n\t\t\t\t<div class=\"elementor-element elementor-element-edbf93a elementor-widget elementor-widget-heading\" data-id=\"edbf93a\" data-element_type=\"widget\" data-widget_type=\"heading.default\">\n\t\t\t\t<div class=\"elementor-widget-container\">\n\t\t\t\t\t<h2 class=\"elementor-heading-title elementor-size-default\">Soy Flora, Bioqu\u00edmica y Nutricionista. Dirijo mi propia cl\u00ednica de nutrici\u00f3n en la zona este de Tesal\u00f3nica.<\/h2>\t\t\t\t<\/div>\n\t\t\t\t<\/div>\n\t\t\t\t<div class=\"elementor-element elementor-element-78c6e52 elementor-widget elementor-widget-text-editor\" data-id=\"78c6e52\" data-element_type=\"widget\" data-widget_type=\"text-editor.default\">\n\t\t\t\t<div class=\"elementor-widget-container\">\n\t\t\t\t\t\t\t\t\t<p>En 2020 me gradu\u00e9 en Bioqu\u00edmica y Biotecnolog\u00eda por la Universidad de Tesalia. Durante mi formaci\u00f3n, realic\u00e9 mi tesis de grado sobre el impacto del ayuno en los marcadores del estado redox en pacientes de la prestigiosa cl\u00ednica Buchinger en Alemania.<\/p>\t\t\t\t\t\t\t\t<\/div>\n\t\t\t\t<\/div>\n\t\t\t\t<\/div>\n\t\t<div class=\"elementor-element elementor-element-371191e e-con-full e-flex e-con e-child\" data-id=\"371191e\" data-element_type=\"container\">\n\t\t\t\t<\/div>\n\t\t<div class=\"elementor-element elementor-element-88c3874 e-con-full elementor-hidden-mobile e-flex e-con e-child\" data-id=\"88c3874\" data-element_type=\"container\" data-settings=\"{&quot;background_background&quot;:&quot;classic&quot;,&quot;position&quot;:&quot;absolute&quot;}\">\n\t\t\t\t<\/div>\n\t\t\t\t\t<\/div>\n\t\t\t\t<\/div>\n\t\t<div class=\"elementor-element elementor-element-a65c801 e-grid e-con-boxed e-con e-parent\" data-id=\"a65c801\" data-element_type=\"container\">\n\t\t\t\t\t<div class=\"e-con-inner\">\n\t\t\t\t<div class=\"elementor-element elementor-element-9f85125 elementor-widget__width-initial elementor-widget elementor-widget-heading\" data-id=\"9f85125\" data-element_type=\"widget\" data-widget_type=\"heading.default\">\n\t\t\t\t<div class=\"elementor-widget-container\">\n\t\t\t\t\t<h2 class=\"elementor-heading-title elementor-size-default\">Mi objetivo es dise\u00f1ar un plan nutricional totalmente a su medida, adaptado por completo a sus gustos, necesidades y ritmo de vida<\/h2>\t\t\t\t<\/div>\n\t\t\t\t<\/div>\n\t\t\t\t<div class=\"elementor-element elementor-element-ae1fd32 elementor-widget elementor-widget-image\" data-id=\"ae1fd32\" data-element_type=\"widget\" data-widget_type=\"image.default\">\n\t\t\t\t<div class=\"elementor-widget-container\">\n\t\t\t\t\t\t\t\t\t\t\t\t\t\t\t<img decoding=\"async\" width=\"257\" height=\"67\" src=\"https:\/\/www.styleeatup.gr\/wp-content\/uploads\/2024\/11\/Flora-Giatra-.svg\" class=\"attachment-large size-large wp-image-1567\" alt=\"dietitian flora giatra\" \/>\t\t\t\t\t\t\t\t\t\t\t\t\t\t\t<\/div>\n\t\t\t\t<\/div>\n\t\t\t\t\t<\/div>\n\t\t\t\t<\/div>\n\t\t<div class=\"elementor-element elementor-element-0fa2ad1 e-grid e-con-boxed e-con e-parent\" data-id=\"0fa2ad1\" data-element_type=\"container\">\n\t\t\t\t\t<div class=\"e-con-inner\">\n\t\t\t\t<div class=\"elementor-element elementor-element-f1f6cd6 elementor-widget elementor-widget-heading\" data-id=\"f1f6cd6\" data-element_type=\"widget\" data-widget_type=\"heading.default\">\n\t\t\t\t<div class=\"elementor-widget-container\">\n\t\t\t\t\t<h2 class=\"elementor-heading-title elementor-size-default\">Mi pasi\u00f3n por la nutrici\u00f3n y el bienestar me llev\u00f3 a obtener mi segunda licenciatura en Nutrici\u00f3n y Diet\u00e9tica en la Universidad Internacional de Grecia. Complet\u00e9 mi formaci\u00f3n pr\u00e1ctica en el Centro de Rehabilitaci\u00f3n \u00abEvexia\u00bb, donde me especialic\u00e9 en el dise\u00f1o de planes nutricionales adaptados a pacientes con cuadros cl\u00ednicos complejos que requer\u00edan un abordaje diet\u00e9tico de alta precisi\u00f3n.\n<\/h2>\t\t\t\t<\/div>\n\t\t\t\t<\/div>\n\t\t\t\t<div class=\"elementor-element elementor-element-963df2a elementor-widget elementor-widget-heading\" data-id=\"963df2a\" data-element_type=\"widget\" data-widget_type=\"heading.default\">\n\t\t\t\t<div class=\"elementor-widget-container\">\n\t\t\t\t\t<h2 class=\"elementor-heading-title elementor-size-default\">Convencida de que la nutrici\u00f3n y la psicolog\u00eda est\u00e1n intr\u00ednsecamente ligadas, me especialic\u00e9 como \u00abMaster Practitioner in Eating Disorders and Obesity\u00bb por el National Centre for Eating Disorders del Reino Unido. Continu\u00e9 mi formaci\u00f3n especializada obteniendo la certificaci\u00f3n de \u00abMaster Nutritionist in Pediatric Nutrition\u00bb por la Sociedad Hel\u00e9nica de Nutrici\u00f3n, lo que me acredita como Especialista en Nutrici\u00f3n Pedi\u00e1trica.  <br>\n<\/h2>\t\t\t\t<\/div>\n\t\t\t\t<\/div>\n\t\t\t\t\t<\/div>\n\t\t\t\t<\/div>\n\t\t<div class=\"elementor-element elementor-element-9295fa3 e-flex e-con-boxed e-con e-parent\" data-id=\"9295fa3\" data-element_type=\"container\">\n\t\t\t\t\t<div class=\"e-con-inner\">\n\t\t<div class=\"elementor-element elementor-element-94b9d63 e-flex e-con-boxed e-con e-child\" data-id=\"94b9d63\" data-element_type=\"container\" data-settings=\"{&quot;background_background&quot;:&quot;classic&quot;}\">\n\t\t\t\t\t<div class=\"e-con-inner\">\n\t\t<div class=\"elementor-element elementor-element-5152b15 e-con-full e-flex e-con e-child\" data-id=\"5152b15\" data-element_type=\"container\">\n\t\t\t\t<div class=\"elementor-element elementor-element-a0d280c elementor-widget elementor-widget-image\" data-id=\"a0d280c\" data-element_type=\"widget\" data-widget_type=\"image.default\">\n\t\t\t\t<div class=\"elementor-widget-container\">\n\t\t\t\t\t\t\t\t\t\t\t\t\t\t\t<img fetchpriority=\"high\" decoding=\"async\" width=\"800\" height=\"800\" src=\"https:\/\/www.styleeatup.gr\/wp-content\/uploads\/2025\/01\/dsc05093-square-1024x1024.webp\" class=\"attachment-large size-large wp-image-1586\" alt=\"\" srcset=\"https:\/\/www.styleeatup.gr\/wp-content\/uploads\/2025\/01\/dsc05093-square-1024x1024.webp 1024w, https:\/\/www.styleeatup.gr\/wp-content\/uploads\/2025\/01\/dsc05093-square-300x300.webp 300w, https:\/\/www.styleeatup.gr\/wp-content\/uploads\/2025\/01\/dsc05093-square-150x150.webp 150w, https:\/\/www.styleeatup.gr\/wp-content\/uploads\/2025\/01\/dsc05093-square-768x767.webp 768w, https:\/\/www.styleeatup.gr\/wp-content\/uploads\/2025\/01\/dsc05093-square.webp 1067w\" sizes=\"(max-width: 800px) 100vw, 800px\" \/>\t\t\t\t\t\t\t\t\t\t\t\t\t\t\t<\/div>\n\t\t\t\t<\/div>\n\t\t\t\t<\/div>\n\t\t<div class=\"elementor-element elementor-element-e103764 e-con-full e-flex e-con e-child\" data-id=\"e103764\" data-element_type=\"container\">\n\t\t<div class=\"elementor-element elementor-element-6a83e5c e-con-full e-flex e-con e-child\" data-id=\"6a83e5c\" data-element_type=\"container\">\n\t\t\t\t<div class=\"elementor-element elementor-element-ebc4962 elementor-widget elementor-widget-text-editor\" data-id=\"ebc4962\" data-element_type=\"widget\" data-widget_type=\"text-editor.default\">\n\t\t\t\t<div class=\"elementor-widget-container\">\n\t\t\t\t\t\t\t\t\t<p>Participo activamente en congresos de Toxicolog\u00eda, Nutrici\u00f3n y Biolog\u00eda, lo que me permite mantener mis conocimientos a la vanguardia y estar siempre al tanto de los \u00faltimos avances cient\u00edficos en el sector de la salud.<\/p><p>Asimismo, he completado programas de especializaci\u00f3n en la Universidad de Atenas centrados en Trastornos de la Conducta Alimentaria, Marketing y Branding, as\u00ed como en Aromaterapia y Fitoterapia.<\/p><p><strong>Entiendo la alimentaci\u00f3n equilibrada como el mayor acto de autocuidado. En mi consulta no hay lugar para restricciones severas ni m\u00e9todos que puedan da\u00f1ar nuestra relaci\u00f3n con la comida.<\/strong><\/p>\t\t\t\t\t\t\t\t<\/div>\n\t\t\t\t<\/div>\n\t\t\t\t<div class=\"elementor-element elementor-element-512720d elementor-align-left elementor-widget elementor-widget-button\" data-id=\"512720d\" data-element_type=\"widget\" data-widget_type=\"button.default\">\n\t\t\t\t<div class=\"elementor-widget-container\">\n\t\t\t\t\t\t\t\t\t<div class=\"elementor-button-wrapper\">\n\t\t\t\t\t<a class=\"elementor-button elementor-button-link elementor-size-sm\" href=\"https:\/\/www.styleeatup.gr\/es\/contacto\/\">\n\t\t\t\t\t\t<span class=\"elementor-button-content-wrapper\">\n\t\t\t\t\t\t\t\t\t<span class=\"elementor-button-text\">RESERVE SU CITA<\/span>\n\t\t\t\t\t<\/span>\n\t\t\t\t\t<\/a>\n\t\t\t\t<\/div>\n\t\t\t\t\t\t\t\t<\/div>\n\t\t\t\t<\/div>\n\t\t\t\t<\/div>\n\t\t\t\t<\/div>\n\t\t\t\t\t<\/div>\n\t\t\t\t<\/div>\n\t\t\t\t\t<\/div>\n\t\t\t\t<\/div>\n\t\t\t\t<\/div>\n\t\t","protected":false},"excerpt":{"rendered":"<p>\u00a1Hola! Soy Flora, Bioqu\u00edmica y Nutricionista. Dirijo mi propia cl\u00ednica de nutrici\u00f3n en la zona este de Tesal\u00f3nica. En 2020 me gradu\u00e9 en Bioqu\u00edmica y Biotecnolog\u00eda por la Universidad de Tesalia. Durante mi formaci\u00f3n, realic\u00e9 mi tesis de grado sobre el impacto del ayuno en los marcadores del estado redox en pacientes de la prestigiosa [&hellip;]<\/p>\n","protected":false},"author":1,"featured_media":0,"parent":0,"menu_order":0,"comment_status":"closed","ping_status":"closed","template":"","meta":{"footnotes":""},"class_list":["post-1590","page","type-page","status-publish","hentry"],"yoast_head":"<!-- This site is optimized with the Yoast SEO plugin v26.8 - https:\/\/yoast.com\/product\/yoast-seo-wordpress\/ -->\n<title>LA DIETISTA - Styleeatup<\/title>\n<meta name=\"description\" content=\"Soy Flora, Bioqu\u00edmica y Nutricionista. Dirijo mi propia cl\u00ednica de nutrici\u00f3n en la zona este de Tesal\u00f3nica.\" \/>\n<meta name=\"robots\" content=\"index, follow, max-snippet:-1, max-image-preview:large, max-video-preview:-1\" \/>\n<link rel=\"canonical\" href=\"https:\/\/www.styleeatup.gr\/es\/la-dietista\/\" \/>\n<meta property=\"og:locale\" content=\"es_ES\" \/>\n<meta property=\"og:type\" content=\"article\" \/>\n<meta property=\"og:title\" content=\"LA DIETISTA - Styleeatup\" \/>\n<meta property=\"og:description\" content=\"Soy Flora, Bioqu\u00edmica y Nutricionista. Dirijo mi propia cl\u00ednica de nutrici\u00f3n en la zona este de Tesal\u00f3nica.\" \/>\n<meta property=\"og:url\" content=\"https:\/\/www.styleeatup.gr\/es\/la-dietista\/\" \/>\n<meta property=\"og:site_name\" content=\"Styleeatup\" \/>\n<meta property=\"article:modified_time\" content=\"2026-01-20T14:30:40+00:00\" \/>\n<meta name=\"twitter:card\" content=\"summary_large_image\" \/>\n<meta name=\"twitter:label1\" content=\"Tiempo de lectura\" \/>\n\t<meta name=\"twitter:data1\" content=\"2 minutos\" \/>\n<script type=\"application\/ld+json\" class=\"yoast-schema-graph\">{\"@context\":\"https:\/\/schema.org\",\"@graph\":[{\"@type\":\"WebPage\",\"@id\":\"https:\/\/www.styleeatup.gr\/es\/la-dietista\/\",\"url\":\"https:\/\/www.styleeatup.gr\/es\/la-dietista\/\",\"name\":\"LA DIETISTA - Styleeatup\",\"isPartOf\":{\"@id\":\"https:\/\/www.styleeatup.gr\/es\/#website\"},\"primaryImageOfPage\":{\"@id\":\"https:\/\/www.styleeatup.gr\/es\/la-dietista\/#primaryimage\"},\"image\":{\"@id\":\"https:\/\/www.styleeatup.gr\/es\/la-dietista\/#primaryimage\"},\"thumbnailUrl\":\"https:\/\/www.styleeatup.gr\/wp-content\/uploads\/2024\/11\/Flora-Giatra-.svg\",\"datePublished\":\"2025-01-07T19:44:47+00:00\",\"dateModified\":\"2026-01-20T14:30:40+00:00\",\"description\":\"Soy Flora, Bioqu\u00edmica y Nutricionista. Dirijo mi propia cl\u00ednica de nutrici\u00f3n en la zona este de Tesal\u00f3nica.\",\"breadcrumb\":{\"@id\":\"https:\/\/www.styleeatup.gr\/es\/la-dietista\/#breadcrumb\"},\"inLanguage\":\"es\",\"potentialAction\":[{\"@type\":\"ReadAction\",\"target\":[\"https:\/\/www.styleeatup.gr\/es\/la-dietista\/\"]}]},{\"@type\":\"ImageObject\",\"inLanguage\":\"es\",\"@id\":\"https:\/\/www.styleeatup.gr\/es\/la-dietista\/#primaryimage\",\"url\":\"https:\/\/www.styleeatup.gr\/wp-content\/uploads\/2024\/11\/Flora-Giatra-.svg\",\"contentUrl\":\"https:\/\/www.styleeatup.gr\/wp-content\/uploads\/2024\/11\/Flora-Giatra-.svg\"},{\"@type\":\"BreadcrumbList\",\"@id\":\"https:\/\/www.styleeatup.gr\/es\/la-dietista\/#breadcrumb\",\"itemListElement\":[{\"@type\":\"ListItem\",\"position\":1,\"name\":\"Home\",\"item\":\"https:\/\/www.styleeatup.gr\/es\/home-page\/\"},{\"@type\":\"ListItem\",\"position\":2,\"name\":\"LA DIETISTA\"}]},{\"@type\":\"WebSite\",\"@id\":\"https:\/\/www.styleeatup.gr\/es\/#website\",\"url\":\"https:\/\/www.styleeatup.gr\/es\/\",\"name\":\"Styleeatup\",\"description\":\"\",\"publisher\":{\"@id\":\"https:\/\/www.styleeatup.gr\/es\/#organization\"},\"potentialAction\":[{\"@type\":\"SearchAction\",\"target\":{\"@type\":\"EntryPoint\",\"urlTemplate\":\"https:\/\/www.styleeatup.gr\/es\/?s={search_term_string}\"},\"query-input\":{\"@type\":\"PropertyValueSpecification\",\"valueRequired\":true,\"valueName\":\"search_term_string\"}}],\"inLanguage\":\"es\"},{\"@type\":\"Organization\",\"@id\":\"https:\/\/www.styleeatup.gr\/es\/#organization\",\"name\":\"Styleeatup\",\"url\":\"https:\/\/www.styleeatup.gr\/es\/\",\"logo\":{\"@type\":\"ImageObject\",\"inLanguage\":\"es\",\"@id\":\"https:\/\/www.styleeatup.gr\/es\/#\/schema\/logo\/image\/\",\"url\":\"https:\/\/www.styleeatup.gr\/wp-content\/uploads\/2024\/11\/Layer_1.svg\",\"contentUrl\":\"https:\/\/www.styleeatup.gr\/wp-content\/uploads\/2024\/11\/Layer_1.svg\",\"width\":198,\"height\":27,\"caption\":\"Styleeatup\"},\"image\":{\"@id\":\"https:\/\/www.styleeatup.gr\/es\/#\/schema\/logo\/image\/\"},\"sameAs\":[\"https:\/\/www.instagram.com\/styleeatup\/\"]}]}<\/script>\n<!-- \/ Yoast SEO plugin. -->","yoast_head_json":{"title":"LA DIETISTA - Styleeatup","description":"Soy Flora, Bioqu\u00edmica y Nutricionista. Dirijo mi propia cl\u00ednica de nutrici\u00f3n en la zona este de Tesal\u00f3nica.","robots":{"index":"index","follow":"follow","max-snippet":"max-snippet:-1","max-image-preview":"max-image-preview:large","max-video-preview":"max-video-preview:-1"},"canonical":"https:\/\/www.styleeatup.gr\/es\/la-dietista\/","og_locale":"es_ES","og_type":"article","og_title":"LA DIETISTA - Styleeatup","og_description":"Soy Flora, Bioqu\u00edmica y Nutricionista. Dirijo mi propia cl\u00ednica de nutrici\u00f3n en la zona este de Tesal\u00f3nica.","og_url":"https:\/\/www.styleeatup.gr\/es\/la-dietista\/","og_site_name":"Styleeatup","article_modified_time":"2026-01-20T14:30:40+00:00","twitter_card":"summary_large_image","twitter_misc":{"Tiempo de lectura":"2 minutos"},"schema":{"@context":"https:\/\/schema.org","@graph":[{"@type":"WebPage","@id":"https:\/\/www.styleeatup.gr\/es\/la-dietista\/","url":"https:\/\/www.styleeatup.gr\/es\/la-dietista\/","name":"LA DIETISTA - Styleeatup","isPartOf":{"@id":"https:\/\/www.styleeatup.gr\/es\/#website"},"primaryImageOfPage":{"@id":"https:\/\/www.styleeatup.gr\/es\/la-dietista\/#primaryimage"},"image":{"@id":"https:\/\/www.styleeatup.gr\/es\/la-dietista\/#primaryimage"},"thumbnailUrl":"https:\/\/www.styleeatup.gr\/wp-content\/uploads\/2024\/11\/Flora-Giatra-.svg","datePublished":"2025-01-07T19:44:47+00:00","dateModified":"2026-01-20T14:30:40+00:00","description":"Soy Flora, Bioqu\u00edmica y Nutricionista. Dirijo mi propia cl\u00ednica de nutrici\u00f3n en la zona este de Tesal\u00f3nica.","breadcrumb":{"@id":"https:\/\/www.styleeatup.gr\/es\/la-dietista\/#breadcrumb"},"inLanguage":"es","potentialAction":[{"@type":"ReadAction","target":["https:\/\/www.styleeatup.gr\/es\/la-dietista\/"]}]},{"@type":"ImageObject","inLanguage":"es","@id":"https:\/\/www.styleeatup.gr\/es\/la-dietista\/#primaryimage","url":"https:\/\/www.styleeatup.gr\/wp-content\/uploads\/2024\/11\/Flora-Giatra-.svg","contentUrl":"https:\/\/www.styleeatup.gr\/wp-content\/uploads\/2024\/11\/Flora-Giatra-.svg"},{"@type":"BreadcrumbList","@id":"https:\/\/www.styleeatup.gr\/es\/la-dietista\/#breadcrumb","itemListElement":[{"@type":"ListItem","position":1,"name":"Home","item":"https:\/\/www.styleeatup.gr\/es\/home-page\/"},{"@type":"ListItem","position":2,"name":"LA DIETISTA"}]},{"@type":"WebSite","@id":"https:\/\/www.styleeatup.gr\/es\/#website","url":"https:\/\/www.styleeatup.gr\/es\/","name":"Styleeatup","description":"","publisher":{"@id":"https:\/\/www.styleeatup.gr\/es\/#organization"},"potentialAction":[{"@type":"SearchAction","target":{"@type":"EntryPoint","urlTemplate":"https:\/\/www.styleeatup.gr\/es\/?s={search_term_string}"},"query-input":{"@type":"PropertyValueSpecification","valueRequired":true,"valueName":"search_term_string"}}],"inLanguage":"es"},{"@type":"Organization","@id":"https:\/\/www.styleeatup.gr\/es\/#organization","name":"Styleeatup","url":"https:\/\/www.styleeatup.gr\/es\/","logo":{"@type":"ImageObject","inLanguage":"es","@id":"https:\/\/www.styleeatup.gr\/es\/#\/schema\/logo\/image\/","url":"https:\/\/www.styleeatup.gr\/wp-content\/uploads\/2024\/11\/Layer_1.svg","contentUrl":"https:\/\/www.styleeatup.gr\/wp-content\/uploads\/2024\/11\/Layer_1.svg","width":198,"height":27,"caption":"Styleeatup"},"image":{"@id":"https:\/\/www.styleeatup.gr\/es\/#\/schema\/logo\/image\/"},"sameAs":["https:\/\/www.instagram.com\/styleeatup\/"]}]}},"_links":{"self":[{"href":"https:\/\/www.styleeatup.gr\/es\/wp-json\/wp\/v2\/pages\/1590","targetHints":{"allow":["GET"]}}],"collection":[{"href":"https:\/\/www.styleeatup.gr\/es\/wp-json\/wp\/v2\/pages"}],"about":[{"href":"https:\/\/www.styleeatup.gr\/es\/wp-json\/wp\/v2\/types\/page"}],"author":[{"embeddable":true,"href":"https:\/\/www.styleeatup.gr\/es\/wp-json\/wp\/v2\/users\/1"}],"replies":[{"embeddable":true,"href":"https:\/\/www.styleeatup.gr\/es\/wp-json\/wp\/v2\/comments?post=1590"}],"version-history":[{"count":1,"href":"https:\/\/www.styleeatup.gr\/es\/wp-json\/wp\/v2\/pages\/1590\/revisions"}],"predecessor-version":[{"id":1592,"href":"https:\/\/www.styleeatup.gr\/es\/wp-json\/wp\/v2\/pages\/1590\/revisions\/1592"}],"wp:attachment":[{"href":"https:\/\/www.styleeatup.gr\/es\/wp-json\/wp\/v2\/media?parent=1590"}],"curies":[{"name":"wp","href":"https:\/\/api.w.org\/{rel}","templated":true}]}}